{"id":13,"date":"2025-09-08T16:11:15","date_gmt":"2025-09-08T16:11:15","guid":{"rendered":"https:\/\/bionatural100.com\/?page_id=13"},"modified":"2025-10-10T19:01:29","modified_gmt":"2025-10-10T19:01:29","slug":"my-account","status":"publish","type":"page","link":"https:\/\/bionatural100.com\/?page_id=13","title":{"rendered":"Mi Cuenta"},"content":{"rendered":"<div class=\"woocommerce\"><div class=\"woocommerce-notices-wrapper\"><\/div>\n\n<div class=\"u-columns col2-set\" id=\"customer_login\">\n\n    <div class=\"u-column1 login-form-col col-1\">\n\n\t\t\n        <form class=\"woocommerce-form woocommerce-form-login login\" method=\"post\">\n\n\t\t\t            <div class=\"woocommerce-form-login-wrap\">\n                <h2 class=\"login-form-title\">Iniciar sesi\u00f3n<\/h2>\n                <p class=\"woocommerce-form-row woocommerce-form-row--wide form-row form-row-wide\">\n                    <label for=\"username\">Nombre de usuario o direcci\u00f3n de correo electr\u00f3nico                        &nbsp;<span class=\"required\">*<\/span><\/label>\n                    <input type=\"text\" class=\"woocommerce-Input woocommerce-Input--text input-text\" name=\"username\" id=\"username\" autocomplete=\"username\" value=\"\" placeholder=\"Introduzca su nombre de usuario o direcci\u00f3n de correo electr\u00f3nico...\"\/>                <\/p>\n                <p class=\"woocommerce-form-row woocommerce-form-row--wide form-row form-row-wide\">\n                    <label for=\"password\">Contrase\u00f1a                        &nbsp;<span class=\"required\">*<\/span><\/label>\n                    <input class=\"woocommerce-Input woocommerce-Input--text input-text\" type=\"password\" name=\"password\" id=\"password\" autocomplete=\"current-password\" placeholder=\"Ingresa tu contrase\u00f1a...\"\/>\n                <\/p>\n\t\t\t\t<label class=\"woocommerce-form__label woocommerce-form__label-for-checkbox woocommerce-form-login__rememberme\">\n\t\t\t\t\t<input class=\"woocommerce-form__input woocommerce-form__input-checkbox\" name=\"rememberme\" type=\"checkbox\" id=\"rememberme\" value=\"forever\"\/>\n\t\t\t\t\t<span>Recu\u00e9rdame<\/span>\n\t\t\t\t<\/label>\n\t\t\t\t<input type=\"hidden\" id=\"woocommerce-login-nonce\" name=\"woocommerce-login-nonce\" value=\"cb07ce7d46\" \/><input type=\"hidden\" name=\"_wp_http_referer\" value=\"\/index.php?rest_route=%2Fwp%2Fv2%2Fpages%2F13\" \/>\n\t\t\t\t<p class=\"woocommerce-LostPassword lost_password\">\n\t\t\t\t\t<a href=\"https:\/\/bionatural100.com\/?page_id=13&#038;lost-password\">\u00bfOlvidaste tu contrase\u00f1a?<\/a>\n\t\t\t\t<\/p>\n\t\t\t\t                <button type=\"submit\" class=\"woocommerce-button button woocommerce-form-login__submit\" name=\"login\" value=\"Entrar\">Entrar<\/button>\n            <\/div>\n\n\n\t\t\t\n        <\/form>\n\n\t\t\n    <\/div>\n\n    <div class=\"u-column2 col-2\">\n\n\n        <form method=\"post\" class=\"woocommerce-form woocommerce-form-register register\"  >\n\n\t\t\t            <h2 class=\"register-from-title\">Registrarse<\/h2>\n\n\t\t\t\n            <p class=\"woocommerce-form-row woocommerce-form-row--wide form-row form-row-wide\">\n                <label for=\"reg_email\">Direcci\u00f3n de correo                     &nbsp;<span class=\"required\">*<\/span><\/label>\n                <input type=\"email\" class=\"woocommerce-Input woocommerce-Input--text input-text\" name=\"email\" id=\"reg_email\" autocomplete=\"email\" value=\"\" placeholder=\"Introduce tu correo electr\u00f3nico...\"\/>            <\/p>\n\n\t\t\t\n                <p>Se enviar\u00e1 una contrase\u00f1a a tu direcci\u00f3n de correo electr\u00f3nico.<\/p>\n\n\t\t\t\n\t\t\t<wc-order-attribution-inputs><\/wc-order-attribution-inputs><div class=\"woocommerce-privacy-policy-text\"><p>Sus datos personales se utilizar\u00e1n para respaldar su experiencia en este sitio web, para administrar el acceso a su cuenta y para otros fines descritos en nuestra <a href=\"https:\/\/bionatural100.com\/?page_id=3\" class=\"woocommerce-privacy-policy-link\" target=\"_blank\">pol\u00edtica de privacidad<\/a>.<\/p>\n<\/div>\n            <p class=\"woocommerce-FormRow form-row\">\n\t\t\t\t<input type=\"hidden\" id=\"woocommerce-register-nonce\" name=\"woocommerce-register-nonce\" value=\"d6658f91af\" \/><input type=\"hidden\" name=\"_wp_http_referer\" value=\"\/index.php?rest_route=%2Fwp%2Fv2%2Fpages%2F13\" \/>                <button type=\"submit\" class=\"woocommerce-Button woocommerce-button button woocommerce-form-register__submit\" name=\"register\" value=\"Registrarse\">Registrarse<\/button>\n            <\/p>\n\n\t\t\t\n        <\/form>\n\n    <\/div>\n\n<\/div>\n\n<\/div>\n","protected":false},"excerpt":{"rendered":"","protected":false},"author":1,"featured_media":0,"parent":0,"menu_order":0,"comment_status":"closed","ping_status":"closed","template":"","meta":{"_eb_attr":"","footnotes":""},"class_list":["post-13","page","type-page","status-publish","hentry"],"_links":{"self":[{"href":"https:\/\/bionatural100.com\/index.php?rest_route=\/wp\/v2\/pages\/13","targetHints":{"allow":["GET"]}}],"collection":[{"href":"https:\/\/bionatural100.com\/index.php?rest_route=\/wp\/v2\/pages"}],"about":[{"href":"https:\/\/bionatural100.com\/index.php?rest_route=\/wp\/v2\/types\/page"}],"author":[{"embeddable":true,"href":"https:\/\/bionatural100.com\/index.php?rest_route=\/wp\/v2\/users\/1"}],"replies":[{"embeddable":true,"href":"https:\/\/bionatural100.com\/index.php?rest_route=%2Fwp%2Fv2%2Fcomments&post=13"}],"version-history":[{"count":2,"href":"https:\/\/bionatural100.com\/index.php?rest_route=\/wp\/v2\/pages\/13\/revisions"}],"predecessor-version":[{"id":7013,"href":"https:\/\/bionatural100.com\/index.php?rest_route=\/wp\/v2\/pages\/13\/revisions\/7013"}],"wp:attachment":[{"href":"https:\/\/bionatural100.com\/index.php?rest_route=%2Fwp%2Fv2%2Fmedia&parent=13"}],"curies":[{"name":"wp","href":"https:\/\/api.w.org\/{rel}","templated":true}]}}