{"id":5133,"date":"2025-09-08T21:56:16","date_gmt":"2025-09-08T21:56:16","guid":{"rendered":"https:\/\/bionatural100.com\/?page_id=5133"},"modified":"2025-10-01T22:44:00","modified_gmt":"2025-10-01T22:44:00","slug":"salud-empresarial","status":"publish","type":"page","link":"https:\/\/bionatural100.com\/?page_id=5133","title":{"rendered":"Salud Empresarial"},"content":{"rendered":"\t\t<div data-elementor-type=\"wp-page\" data-elementor-id=\"5133\" class=\"elementor elementor-5133\" data-elementor-settings=\"{&quot;ha_cmc_init_switcher&quot;:&quot;no&quot;}\" data-elementor-post-type=\"page\">\n\t\t\t\t<div class=\"elementor-element elementor-element-6a1e71d e-flex e-con-boxed e-con e-parent\" data-id=\"6a1e71d\" data-element_type=\"container\" data-e-type=\"container\" data-settings=\"{&quot;_ha_eqh_enable&quot;:false}\">\n\t\t\t\t\t<div class=\"e-con-inner\">\n\t\t<div class=\"elementor-element elementor-element-3fab256 e-con-full e-flex e-con e-child\" data-id=\"3fab256\" data-element_type=\"container\" data-e-type=\"container\" data-settings=\"{&quot;_ha_eqh_enable&quot;:false}\">\n\t\t<div class=\"elementor-element elementor-element-81e32c7 e-con-full e-flex e-con e-child\" data-id=\"81e32c7\" data-element_type=\"container\" data-e-type=\"container\" data-settings=\"{&quot;background_background&quot;:&quot;classic&quot;,&quot;_ha_eqh_enable&quot;:false}\">\n\t\t\t\t<div class=\"elementor-element elementor-element-e02268f elementor-widget elementor-widget-heading\" data-id=\"e02268f\" data-element_type=\"widget\" data-e-type=\"widget\" data-widget_type=\"heading.default\">\n\t\t\t\t\t<div class=\"elementor-heading-title elementor-size-default\">cONOCE NUESTRA<\/div>\t\t\t\t<\/div>\n\t\t\t\t<div class=\"elementor-element elementor-element-5335f9f elementor-widget elementor-widget-heading\" data-id=\"5335f9f\" data-element_type=\"widget\" data-e-type=\"widget\" data-widget_type=\"heading.default\">\n\t\t\t\t\t<h1 class=\"elementor-heading-title elementor-size-default\">SALUD eMPRESARIAL<\/h1>\t\t\t\t<\/div>\n\t\t\t\t<div class=\"elementor-element elementor-element-e24f48a elementor-widget elementor-widget-text-editor\" data-id=\"e24f48a\" data-element_type=\"widget\" data-e-type=\"widget\" data-widget_type=\"text-editor.default\">\n\t\t\t\t\t\t\t\t\t<p>Donde la calidad y la confianza se encuentran.<\/p>\t\t\t\t\t\t\t\t<\/div>\n\t\t\t\t<\/div>\n\t\t\t\t<\/div>\n\t\t\t\t\t<\/div>\n\t\t\t\t<\/div>\n\t\t<div class=\"elementor-element elementor-element-1a79d66e e-con-full e-flex e-con e-parent\" data-id=\"1a79d66e\" data-element_type=\"container\" data-e-type=\"container\" data-settings=\"{&quot;background_background&quot;:&quot;gradient&quot;,&quot;_ha_eqh_enable&quot;:false}\">\n\t\t<div class=\"elementor-element elementor-element-15736e65 e-con-full e-flex e-con e-child\" data-id=\"15736e65\" data-element_type=\"container\" data-e-type=\"container\" data-settings=\"{&quot;_ha_eqh_enable&quot;:false}\">\n\t\t\t\t<div class=\"elementor-element elementor-element-518b5f52 elementor-widget elementor-widget-heading\" data-id=\"518b5f52\" data-element_type=\"widget\" data-e-type=\"widget\" data-widget_type=\"heading.default\">\n\t\t\t\t\t<h2 class=\"elementor-heading-title elementor-size-default\">15 a\u00f1os de experiencia<\/h2>\t\t\t\t<\/div>\n\t\t\t\t<div class=\"elementor-element elementor-element-1d021505 elementor-widget elementor-widget-heading\" data-id=\"1d021505\" data-element_type=\"widget\" data-e-type=\"widget\" data-widget_type=\"heading.default\">\n\t\t\t\t\t<h3 class=\"elementor-heading-title elementor-size-default\">BIONATURAL OFRECE UN BUEN ASESORAMIENTO PARA TU EMPRESA.<\/h3>\t\t\t\t<\/div>\n\t\t\t\t<div class=\"elementor-element elementor-element-3a4ef999 elementor-widget elementor-widget-text-editor\" data-id=\"3a4ef999\" data-element_type=\"widget\" data-e-type=\"widget\" data-widget_type=\"text-editor.default\">\n\t\t\t\t\t\t\t\t\t<p data-start=\"183\" data-end=\"657\">Bionatural sabe, que el mejor activo de nuestras empresas, son todos y cada uno de nuestros colaboradores, es por esta raz\u00f3n, que manejamos un programa dise\u00f1ado espec\u00edficamente para su empresa. Nuestro inter\u00e9s, es poder suplir la necesidad en un \u00e1rea que en la actualidad, no est\u00e1 cubierta en un 100% y que resulta ser en muchos casos un problema para la productividad de nuestros colaboradores, por esto queremos apoyar en la prevenci\u00f3n de enfermedades de origen laboral.<\/p>\t\t\t\t\t\t\t\t<\/div>\n\t\t\t\t<div class=\"elementor-element elementor-element-290e0cfe elementor-widget elementor-widget-image\" data-id=\"290e0cfe\" data-element_type=\"widget\" data-e-type=\"widget\" data-widget_type=\"image.default\">\n\t\t\t\t\t\t\t\t\t\t\t\t\t\t\t<img fetchpriority=\"high\" decoding=\"async\" width=\"722\" height=\"418\" src=\"https:\/\/bionatural100.com\/wp-content\/uploads\/2025\/09\/plantilla-foto-2.png-2.png\" class=\"attachment-large size-large wp-image-6629\" alt=\"\" srcset=\"https:\/\/bionatural100.com\/wp-content\/uploads\/2025\/09\/plantilla-foto-2.png-2.png 722w, https:\/\/bionatural100.com\/wp-content\/uploads\/2025\/09\/plantilla-foto-2.png-2-300x174.png 300w, https:\/\/bionatural100.com\/wp-content\/uploads\/2025\/09\/plantilla-foto-2.png-2-450x261.png 450w\" sizes=\"(max-width: 722px) 100vw, 722px\" \/>\t\t\t\t\t\t\t\t\t\t\t\t\t\t\t<\/div>\n\t\t\t\t<\/div>\n\t\t<div class=\"elementor-element elementor-element-5fc3f230 e-con-full e-flex e-con e-child\" data-id=\"5fc3f230\" data-element_type=\"container\" data-e-type=\"container\" data-settings=\"{&quot;background_background&quot;:&quot;classic&quot;,&quot;_ha_eqh_enable&quot;:false}\">\n\t\t\t\t<\/div>\n\t\t\t\t<\/div>\n\t\t<div class=\"elementor-element elementor-element-3751913d e-flex e-con-boxed e-con e-parent\" data-id=\"3751913d\" data-element_type=\"container\" data-e-type=\"container\" data-settings=\"{&quot;background_background&quot;:&quot;gradient&quot;,&quot;_ha_eqh_enable&quot;:false}\">\n\t\t\t\t\t<div class=\"e-con-inner\">\n\t\t<div class=\"elementor-element elementor-element-414f914 e-con-full e-flex e-con e-child\" data-id=\"414f914\" data-element_type=\"container\" data-e-type=\"container\" data-settings=\"{&quot;_ha_eqh_enable&quot;:false}\">\n\t\t\t\t<div class=\"elementor-element elementor-element-3d569cbe elementor-widget-divider--view-line elementor-invisible elementor-widget elementor-widget-divider\" data-id=\"3d569cbe\" data-element_type=\"widget\" data-e-type=\"widget\" data-settings=\"{&quot;_animation&quot;:&quot;fadeInLeft&quot;}\" data-widget_type=\"divider.default\">\n\t\t\t\t\t\t\t<div class=\"elementor-divider\">\n\t\t\t<span class=\"elementor-divider-separator\">\n\t\t\t\t\t\t<\/span>\n\t\t<\/div>\n\t\t\t\t\t\t<\/div>\n\t\t\t\t<div class=\"elementor-element elementor-element-5d5d9afe elementor-widget-tablet__width-inherit elementor-widget elementor-widget-heading\" data-id=\"5d5d9afe\" data-element_type=\"widget\" data-e-type=\"widget\" data-widget_type=\"heading.default\">\n\t\t\t\t\t<h2 class=\"elementor-heading-title elementor-size-default\">\u00a1OFRECEMOS UN GRAN SERVICIO PARA SU EMPRESA!<\/h2>\t\t\t\t<\/div>\n\t\t\t\t<div class=\"elementor-element elementor-element-722fe299 elementor-widget elementor-widget-icon-box\" data-id=\"722fe299\" data-element_type=\"widget\" data-e-type=\"widget\" data-widget_type=\"icon-box.default\">\n\t\t\t\t\t\t\t<div class=\"elementor-icon-box-wrapper\">\n\n\t\t\t\n\t\t\t\t\t\t<div class=\"elementor-icon-box-content\">\n\n\t\t\t\t\n\t\t\t\t\t\t\t\t\t<p class=\"elementor-icon-box-description\">\n\t\t\t\t\t\tPor medio de este Proyecto, queremos ofrecer a su empresa, asesor\u00edas y charlas que permitan mejorar la calidad y la salud de sus empleados, pero tambi\u00e9n de esta manera, aumentar y mejorar la productividad de su empresa.\n\nSi desea m\u00e1s informaci\u00f3n, por favor no dude en contactarse con nosotros, para que uno de nuestros ejecutivos de cuenta lo asesore.\t\t\t\t\t<\/p>\n\t\t\t\t\n\t\t\t<\/div>\n\t\t\t\n\t\t<\/div>\n\t\t\t\t\t\t<\/div>\n\t\t\t\t<\/div>\n\t\t<div class=\"elementor-element elementor-element-5f7907ac e-con-full e-flex e-con e-child\" data-id=\"5f7907ac\" data-element_type=\"container\" data-e-type=\"container\" data-settings=\"{&quot;_ha_eqh_enable&quot;:false}\">\n\t\t\t\t<div class=\"elementor-element elementor-element-bebe8ec elementor-widget-mobile__width-initial elementor-widget__width-initial elementor-widget-tablet__width-initial elementor-invisible elementor-widget elementor-widget-image\" data-id=\"bebe8ec\" data-element_type=\"widget\" data-e-type=\"widget\" data-settings=\"{&quot;_animation&quot;:&quot;fadeInDown&quot;}\" data-widget_type=\"image.default\">\n\t\t\t\t\t\t\t\t\t\t\t\t\t\t\t<img decoding=\"async\" width=\"331\" height=\"400\" src=\"https:\/\/bionatural100.com\/wp-content\/uploads\/2025\/09\/2-de-4.png\" class=\"attachment-large size-large wp-image-5988\" alt=\"\" srcset=\"https:\/\/bionatural100.com\/wp-content\/uploads\/2025\/09\/2-de-4.png 331w, https:\/\/bionatural100.com\/wp-content\/uploads\/2025\/09\/2-de-4-248x300.png 248w\" sizes=\"(max-width: 331px) 100vw, 331px\" \/>\t\t\t\t\t\t\t\t\t\t\t\t\t\t\t<\/div>\n\t\t\t\t<div class=\"elementor-element elementor-element-357eb356 elementor-widget-mobile__width-initial elementor-widget__width-initial elementor-widget-tablet__width-initial elementor-invisible elementor-widget elementor-widget-image\" data-id=\"357eb356\" data-element_type=\"widget\" data-e-type=\"widget\" data-settings=\"{&quot;_animation&quot;:&quot;fadeInRight&quot;}\" data-widget_type=\"image.default\">\n\t\t\t\t\t\t\t\t\t\t\t\t\t\t\t<img decoding=\"async\" width=\"331\" height=\"400\" src=\"https:\/\/bionatural100.com\/wp-content\/uploads\/2025\/09\/1-de-4.png\" class=\"attachment-large size-large wp-image-5984\" alt=\"\" srcset=\"https:\/\/bionatural100.com\/wp-content\/uploads\/2025\/09\/1-de-4.png 331w, https:\/\/bionatural100.com\/wp-content\/uploads\/2025\/09\/1-de-4-248x300.png 248w\" sizes=\"(max-width: 331px) 100vw, 331px\" \/>\t\t\t\t\t\t\t\t\t\t\t\t\t\t\t<\/div>\n\t\t\t\t<div class=\"elementor-element elementor-element-6f48f059 elementor-widget-mobile__width-initial elementor-widget__width-initial elementor-widget-tablet__width-initial elementor-invisible elementor-widget elementor-widget-image\" data-id=\"6f48f059\" data-element_type=\"widget\" data-e-type=\"widget\" data-settings=\"{&quot;_animation&quot;:&quot;fadeInUp&quot;}\" data-widget_type=\"image.default\">\n\t\t\t\t\t\t\t\t\t\t\t\t\t\t\t<img loading=\"lazy\" decoding=\"async\" width=\"331\" height=\"400\" src=\"https:\/\/bionatural100.com\/wp-content\/uploads\/2025\/09\/3-de-4.png\" class=\"attachment-large size-large wp-image-5992\" alt=\"\" srcset=\"https:\/\/bionatural100.com\/wp-content\/uploads\/2025\/09\/3-de-4.png 331w, https:\/\/bionatural100.com\/wp-content\/uploads\/2025\/09\/3-de-4-248x300.png 248w\" sizes=\"(max-width: 331px) 100vw, 331px\" \/>\t\t\t\t\t\t\t\t\t\t\t\t\t\t\t<\/div>\n\t\t\t\t<div class=\"elementor-element elementor-element-4e0ec30c elementor-widget-mobile__width-initial elementor-widget__width-initial elementor-widget-tablet__width-initial elementor-invisible elementor-widget elementor-widget-image\" data-id=\"4e0ec30c\" data-element_type=\"widget\" data-e-type=\"widget\" data-settings=\"{&quot;_animation&quot;:&quot;fadeInRight&quot;,&quot;_animation_delay&quot;:&quot;200&quot;}\" data-widget_type=\"image.default\">\n\t\t\t\t\t\t\t\t\t\t\t\t\t\t\t<img loading=\"lazy\" decoding=\"async\" width=\"331\" height=\"400\" src=\"https:\/\/bionatural100.com\/wp-content\/uploads\/2025\/09\/4-de-4.png\" class=\"attachment-large size-large wp-image-5996\" alt=\"\" srcset=\"https:\/\/bionatural100.com\/wp-content\/uploads\/2025\/09\/4-de-4.png 331w, https:\/\/bionatural100.com\/wp-content\/uploads\/2025\/09\/4-de-4-248x300.png 248w\" sizes=\"(max-width: 331px) 100vw, 331px\" \/>\t\t\t\t\t\t\t\t\t\t\t\t\t\t\t<\/div>\n\t\t\t\t<\/div>\n\t\t\t\t\t<\/div>\n\t\t\t\t<\/div>\n\t\t<div class=\"elementor-element elementor-element-31b4bcf4 e-con-full e-flex e-con e-parent\" data-id=\"31b4bcf4\" data-element_type=\"container\" data-e-type=\"container\" data-settings=\"{&quot;background_background&quot;:&quot;classic&quot;,&quot;_ha_eqh_enable&quot;:false}\">\n\t\t<div class=\"elementor-element elementor-element-69cf6653 e-con-full e-flex e-con e-child\" data-id=\"69cf6653\" data-element_type=\"container\" data-e-type=\"container\" data-settings=\"{&quot;_ha_eqh_enable&quot;:false}\">\n\t\t\t\t<div class=\"elementor-element elementor-element-22317a4d elementor-widget elementor-widget-heading\" data-id=\"22317a4d\" data-element_type=\"widget\" data-e-type=\"widget\" data-widget_type=\"heading.default\">\n\t\t\t\t\t<h2 class=\"elementor-heading-title elementor-size-default\">Semana de la Salud (Ley 1502 de 2011)<\/h2>\t\t\t\t<\/div>\n\t\t\t\t<div class=\"elementor-element elementor-element-2628b58 elementor-widget elementor-widget-text-editor\" data-id=\"2628b58\" data-element_type=\"widget\" data-e-type=\"widget\" data-widget_type=\"text-editor.default\">\n\t\t\t\t\t\t\t\t\t<p data-start=\"115\" data-end=\"153\"><strong>Beneficios de la semana de la salud.<\/strong><\/p><ul data-start=\"155\" data-end=\"357\"><li data-start=\"155\" data-end=\"191\"><p data-start=\"157\" data-end=\"191\">Disminuir ausentismos laborales.<\/p><\/li><li data-start=\"192\" data-end=\"235\"><p data-start=\"194\" data-end=\"235\">Crear h\u00e1bitos nutricionales saludables.<\/p><\/li><li data-start=\"236\" data-end=\"275\"><p data-start=\"238\" data-end=\"275\">Prevenci\u00f3n y cuidado de patolog\u00edas.<\/p><\/li><li data-start=\"276\" data-end=\"357\"><p data-start=\"278\" data-end=\"357\">Proporcionar un ambiente sano de trabajo incluyendo actividades de bienestar.<\/p><\/li><\/ul>\t\t\t\t\t\t\t\t<\/div>\n\t\t\t\t<\/div>\n\t\t\t\t<div class=\"elementor-element elementor-element-5a012a98 elementor-widget__width-initial elementor-widget-tablet__width-inherit elementor-widget elementor-widget-image\" data-id=\"5a012a98\" data-element_type=\"widget\" data-e-type=\"widget\" data-widget_type=\"image.default\">\n\t\t\t\t\t\t\t\t\t\t\t\t\t\t\t<img loading=\"lazy\" decoding=\"async\" width=\"900\" height=\"902\" src=\"https:\/\/bionatural100.com\/wp-content\/uploads\/2025\/09\/foto-3-1.png\" class=\"attachment-large size-large wp-image-5976\" alt=\"\" srcset=\"https:\/\/bionatural100.com\/wp-content\/uploads\/2025\/09\/foto-3-1.png 950w, https:\/\/bionatural100.com\/wp-content\/uploads\/2025\/09\/foto-3-1-300x300.png 300w, https:\/\/bionatural100.com\/wp-content\/uploads\/2025\/09\/foto-3-1-150x150.png 150w, https:\/\/bionatural100.com\/wp-content\/uploads\/2025\/09\/foto-3-1-768x770.png 768w, https:\/\/bionatural100.com\/wp-content\/uploads\/2025\/09\/foto-3-1-450x451.png 450w, https:\/\/bionatural100.com\/wp-content\/uploads\/2025\/09\/foto-3-1-800x802.png 800w, https:\/\/bionatural100.com\/wp-content\/uploads\/2025\/09\/foto-3-1-100x100.png 100w, https:\/\/bionatural100.com\/wp-content\/uploads\/2025\/09\/foto-3-1-50x50.png 50w, https:\/\/bionatural100.com\/wp-content\/uploads\/2025\/09\/foto-3-1-600x600.png 600w, https:\/\/bionatural100.com\/wp-content\/uploads\/2025\/09\/foto-3-1-96x96.png 96w, https:\/\/bionatural100.com\/wp-content\/uploads\/2025\/09\/foto-3-1-460x460.png 460w\" sizes=\"(max-width: 900px) 100vw, 900px\" \/>\t\t\t\t\t\t\t\t\t\t\t\t\t\t\t<\/div>\n\t\t\t\t<\/div>\n\t\t<div class=\"elementor-element elementor-element-6af72b1 e-con-full e-flex e-con e-parent\" data-id=\"6af72b1\" data-element_type=\"container\" data-e-type=\"container\" data-settings=\"{&quot;background_background&quot;:&quot;gradient&quot;,&quot;_ha_eqh_enable&quot;:false}\">\n\t\t\t\t<div class=\"elementor-element elementor-element-91c5597 elementor-widget__width-initial elementor-widget-tablet__width-inherit elementor-widget elementor-widget-image\" data-id=\"91c5597\" data-element_type=\"widget\" data-e-type=\"widget\" data-widget_type=\"image.default\">\n\t\t\t\t\t\t\t\t\t\t\t\t\t\t\t<img loading=\"lazy\" decoding=\"async\" width=\"900\" height=\"902\" src=\"https:\/\/bionatural100.com\/wp-content\/uploads\/2025\/10\/sustituir-grande.png\" class=\"attachment-large size-large wp-image-6711\" alt=\"\" srcset=\"https:\/\/bionatural100.com\/wp-content\/uploads\/2025\/10\/sustituir-grande.png 950w, https:\/\/bionatural100.com\/wp-content\/uploads\/2025\/10\/sustituir-grande-300x300.png 300w, https:\/\/bionatural100.com\/wp-content\/uploads\/2025\/10\/sustituir-grande-150x150.png 150w, https:\/\/bionatural100.com\/wp-content\/uploads\/2025\/10\/sustituir-grande-768x770.png 768w, https:\/\/bionatural100.com\/wp-content\/uploads\/2025\/10\/sustituir-grande-450x451.png 450w, https:\/\/bionatural100.com\/wp-content\/uploads\/2025\/10\/sustituir-grande-800x802.png 800w, https:\/\/bionatural100.com\/wp-content\/uploads\/2025\/10\/sustituir-grande-100x100.png 100w, https:\/\/bionatural100.com\/wp-content\/uploads\/2025\/10\/sustituir-grande-50x50.png 50w, https:\/\/bionatural100.com\/wp-content\/uploads\/2025\/10\/sustituir-grande-600x600.png 600w, https:\/\/bionatural100.com\/wp-content\/uploads\/2025\/10\/sustituir-grande-96x96.png 96w, https:\/\/bionatural100.com\/wp-content\/uploads\/2025\/10\/sustituir-grande-460x460.png 460w\" sizes=\"(max-width: 900px) 100vw, 900px\" \/>\t\t\t\t\t\t\t\t\t\t\t\t\t\t\t<\/div>\n\t\t<div class=\"elementor-element elementor-element-20f21a5 e-con-full e-flex e-con e-child\" data-id=\"20f21a5\" data-element_type=\"container\" data-e-type=\"container\" data-settings=\"{&quot;_ha_eqh_enable&quot;:false}\">\n\t\t\t\t<div class=\"elementor-element elementor-element-15e814b elementor-widget elementor-widget-heading\" data-id=\"15e814b\" data-element_type=\"widget\" data-e-type=\"widget\" data-widget_type=\"heading.default\">\n\t\t\t\t\t<h2 class=\"elementor-heading-title elementor-size-default\">Servicios en nuestras Brigada de Salud empresarial.<\/h2>\t\t\t\t<\/div>\n\t\t\t\t<div class=\"elementor-element elementor-element-3832f01 elementor-widget elementor-widget-text-editor\" data-id=\"3832f01\" data-element_type=\"widget\" data-e-type=\"widget\" data-widget_type=\"text-editor.default\">\n\t\t\t\t\t\t\t\t\t<ul><li data-start=\"120\" data-end=\"154\"><p data-start=\"122\" data-end=\"154\">Control de peso y talla. + IMC<\/p><\/li><li data-start=\"155\" data-end=\"190\"><p data-start=\"157\" data-end=\"190\">Examen con analizador Cu\u00e1ntico.<\/p><\/li><li data-start=\"191\" data-end=\"211\"><p data-start=\"193\" data-end=\"211\">Toma de tensi\u00f3n.<\/p><\/li><li data-start=\"212\" data-end=\"251\"><p data-start=\"214\" data-end=\"251\">Asesor\u00eda Nutricional personalizada.<\/p><\/li><li data-start=\"252\" data-end=\"290\"><p data-start=\"254\" data-end=\"290\">Degustaci\u00f3n de nuestros productos.<\/p><\/li><\/ul>\t\t\t\t\t\t\t\t<\/div>\n\t\t\t\t<\/div>\n\t\t\t\t<\/div>\n\t\t\t\t<\/div>\n\t\t","protected":false},"excerpt":{"rendered":"<p>cONOCE NUESTRA SALUD eMPRESARIAL Donde la calidad y la confianza se encuentran. 15 a\u00f1os de experiencia BIONATURAL OFRECE UN BUEN ASESORAMIENTO PARA TU EMPRESA. Bionatural sabe, que el mejor activo de nuestras empresas, son todos y cada uno de nuestros colaboradores, es por esta raz\u00f3n, que manejamos un programa dise\u00f1ado espec\u00edficamente para su empresa. Nuestro [&hellip;]<\/p>\n","protected":false},"author":2,"featured_media":0,"parent":0,"menu_order":0,"comment_status":"closed","ping_status":"closed","template":"","meta":{"_eb_attr":"","footnotes":""},"class_list":["post-5133","page","type-page","status-publish","hentry"],"_links":{"self":[{"href":"https:\/\/bionatural100.com\/index.php?rest_route=\/wp\/v2\/pages\/5133","targetHints":{"allow":["GET"]}}],"collection":[{"href":"https:\/\/bionatural100.com\/index.php?rest_route=\/wp\/v2\/pages"}],"about":[{"href":"https:\/\/bionatural100.com\/index.php?rest_route=\/wp\/v2\/types\/page"}],"author":[{"embeddable":true,"href":"https:\/\/bionatural100.com\/index.php?rest_route=\/wp\/v2\/users\/2"}],"replies":[{"embeddable":true,"href":"https:\/\/bionatural100.com\/index.php?rest_route=%2Fwp%2Fv2%2Fcomments&post=5133"}],"version-history":[{"count":91,"href":"https:\/\/bionatural100.com\/index.php?rest_route=\/wp\/v2\/pages\/5133\/revisions"}],"predecessor-version":[{"id":6714,"href":"https:\/\/bionatural100.com\/index.php?rest_route=\/wp\/v2\/pages\/5133\/revisions\/6714"}],"wp:attachment":[{"href":"https:\/\/bionatural100.com\/index.php?rest_route=%2Fwp%2Fv2%2Fmedia&parent=5133"}],"curies":[{"name":"wp","href":"https:\/\/api.w.org\/{rel}","templated":true}]}}