{"id":5141,"date":"2025-09-08T22:24:06","date_gmt":"2025-09-08T22:24:06","guid":{"rendered":"https:\/\/bionatural100.com\/?page_id=5141"},"modified":"2025-09-30T15:37:24","modified_gmt":"2025-09-30T15:37:24","slug":"sistema-analizador-cuantico","status":"publish","type":"page","link":"https:\/\/bionatural100.com\/?page_id=5141","title":{"rendered":"Sistema Analizador Cu\u00e1ntico"},"content":{"rendered":"\t\t<div data-elementor-type=\"wp-page\" data-elementor-id=\"5141\" class=\"elementor elementor-5141\" data-elementor-settings=\"{&quot;ha_cmc_init_switcher&quot;:&quot;no&quot;}\" data-elementor-post-type=\"page\">\n\t\t\t\t<div class=\"elementor-element elementor-element-8e813b3 e-flex e-con-boxed e-con e-parent\" data-id=\"8e813b3\" data-element_type=\"container\" data-e-type=\"container\" data-settings=\"{&quot;_ha_eqh_enable&quot;:false}\">\n\t\t\t\t\t<div class=\"e-con-inner\">\n\t\t<div class=\"elementor-element elementor-element-cf87750 e-con-full e-flex e-con e-child\" data-id=\"cf87750\" data-element_type=\"container\" data-e-type=\"container\" data-settings=\"{&quot;_ha_eqh_enable&quot;:false}\">\n\t\t<div class=\"elementor-element elementor-element-b8619f6 e-con-full e-flex e-con e-child\" data-id=\"b8619f6\" data-element_type=\"container\" data-e-type=\"container\" data-settings=\"{&quot;background_background&quot;:&quot;classic&quot;,&quot;_ha_eqh_enable&quot;:false}\">\n\t\t\t\t<div class=\"elementor-element elementor-element-26fb8aa elementor-widget elementor-widget-heading\" data-id=\"26fb8aa\" data-element_type=\"widget\" data-e-type=\"widget\" data-widget_type=\"heading.default\">\n\t\t\t\t\t<div class=\"elementor-heading-title elementor-size-default\">Sistema<\/div>\t\t\t\t<\/div>\n\t\t\t\t<div class=\"elementor-element elementor-element-ddb71a8 elementor-widget elementor-widget-heading\" data-id=\"ddb71a8\" data-element_type=\"widget\" data-e-type=\"widget\" data-widget_type=\"heading.default\">\n\t\t\t\t\t<h1 class=\"elementor-heading-title elementor-size-default\"> analizador cu\u00e1ntico<\/h1>\t\t\t\t<\/div>\n\t\t\t\t<div class=\"elementor-element elementor-element-ad25b8a elementor-widget elementor-widget-text-editor\" data-id=\"ad25b8a\" data-element_type=\"widget\" data-e-type=\"widget\" data-widget_type=\"text-editor.default\">\n\t\t\t\t\t\t\t\t\t<p>An\u00e1lisis profundo, resultados precisos.<\/p>\t\t\t\t\t\t\t\t<\/div>\n\t\t\t\t<\/div>\n\t\t\t\t<\/div>\n\t\t\t\t\t<\/div>\n\t\t\t\t<\/div>\n\t\t<div class=\"elementor-element elementor-element-13e77bf6 e-con-full e-flex e-con e-parent\" data-id=\"13e77bf6\" data-element_type=\"container\" data-e-type=\"container\" data-settings=\"{&quot;background_background&quot;:&quot;gradient&quot;,&quot;_ha_eqh_enable&quot;:false}\">\n\t\t\t\t<div class=\"elementor-element elementor-element-588e568d elementor-widget__width-initial elementor-widget-mobile__width-inherit elementor-widget elementor-widget-image-box\" data-id=\"588e568d\" data-element_type=\"widget\" data-e-type=\"widget\" data-widget_type=\"image-box.default\">\n\t\t\t\t\t<div class=\"elementor-image-box-wrapper\"><div class=\"elementor-image-box-content\"><h3 class=\"elementor-image-box-title\">El Sistema analiza cada uno de los \u00f3rganos del cuerpo humano.<\/h3><p class=\"elementor-image-box-description\">Entrega m\u00e1s de 130 datos referentes a su estado de Salud, utilizando resonancia magn\u00e9tica de alta tecnolog\u00eda.<\/p><\/div><\/div>\t\t\t\t<\/div>\n\t\t<div class=\"elementor-element elementor-element-5dc005a2 e-con-full e-flex e-con e-child\" data-id=\"5dc005a2\" data-element_type=\"container\" data-e-type=\"container\" data-settings=\"{&quot;_ha_eqh_enable&quot;:false}\">\n\t\t\t\t<div class=\"elementor-element elementor-element-76f98a77 elementor-cta--layout-image-above elementor-widget__width-initial elementor-widget-tablet__width-initial elementor-widget-mobile__width-inherit elementor-cta--skin-classic elementor-animated-content elementor-bg-transform elementor-bg-transform-zoom-in elementor-widget elementor-widget-call-to-action\" data-id=\"76f98a77\" data-element_type=\"widget\" data-e-type=\"widget\" data-widget_type=\"call-to-action.default\">\n\t\t\t\t\t\t\t<div class=\"elementor-cta\">\n\t\t\t\t\t<div class=\"elementor-cta__bg-wrapper\">\n\t\t\t\t<div class=\"elementor-cta__bg elementor-bg\" style=\"background-image: url(https:\/\/bionatural100.com\/wp-content\/uploads\/2025\/09\/foto-1.png);\" role=\"img\" aria-label=\"foto-1\"><\/div>\n\t\t\t\t<div class=\"elementor-cta__bg-overlay\"><\/div>\n\t\t\t<\/div>\n\t\t\t\t\t\t\t<div class=\"elementor-cta__content\">\n\t\t\t\t\n\t\t\t\t\t\t\t\t\t<h2 class=\"elementor-cta__title elementor-cta__content-item elementor-content-item\">\n\t\t\t\t\t\t01 Servicio ANALIZADOR CU\u00c1NTICO BIO-EL\u00c9CTRICO\t\t\t\t\t<\/h2>\n\t\t\t\t\n\t\t\t\t\t\t\t\t\t<div class=\"elementor-cta__description elementor-cta__content-item elementor-content-item\">\n\t\t\t\t\t\tEl m\u00e9todo de an\u00e1lisis cu\u00e1ntico de resonancia magn\u00e9tica es un emergente m\u00e9todo de detecci\u00f3n, r\u00e1pido, preciso y no invasivo, lo que lo hace especialmente apropiado para la comparaci\u00f3n de los efectos de curaci\u00f3n de diferentes medicinas y productos m\u00e9dicos, y para la comprobaci\u00f3n de posibles estados anormales de salud.\n\nSimplemente sosteniendo un sensor en la palma de su mano, se obtendr\u00e1n en unos minutos cientos de datos de su cuerpo. No se trata en absoluto de ciencia ficci\u00f3n; sino de un instrumento que marcar\u00e1 un antes y un despu\u00e9s, el analizador del cuerpo humano.\t\t\t\t\t<\/div>\n\t\t\t\t\n\t\t\t\t\t\t\t<\/div>\n\t\t\t\t\t\t<\/div>\n\t\t\t\t\t\t<\/div>\n\t\t\t\t<div class=\"elementor-element elementor-element-1a3b64d1 elementor-cta--layout-image-above elementor-widget__width-initial elementor-widget-tablet__width-initial elementor-widget-mobile__width-inherit elementor-cta--skin-classic elementor-animated-content elementor-bg-transform elementor-bg-transform-zoom-in elementor-widget elementor-widget-call-to-action\" data-id=\"1a3b64d1\" data-element_type=\"widget\" data-e-type=\"widget\" data-widget_type=\"call-to-action.default\">\n\t\t\t\t\t\t\t<div class=\"elementor-cta\">\n\t\t\t\t\t<div class=\"elementor-cta__bg-wrapper\">\n\t\t\t\t<div class=\"elementor-cta__bg elementor-bg\" style=\"background-image: url(https:\/\/bionatural100.com\/wp-content\/uploads\/2025\/09\/foto-2.png);\" role=\"img\" aria-label=\"foto-2\"><\/div>\n\t\t\t\t<div class=\"elementor-cta__bg-overlay\"><\/div>\n\t\t\t<\/div>\n\t\t\t\t\t\t\t<div class=\"elementor-cta__content\">\n\t\t\t\t\n\t\t\t\t\t\t\t\t\t<h2 class=\"elementor-cta__title elementor-cta__content-item elementor-content-item\">\n\t\t\t\t\t\t02 Servicio PRINCIPIO DEL AN\u00c1LISIS\t\t\t\t\t<\/h2>\n\t\t\t\t\n\t\t\t\t\t\t\t\t\t<div class=\"elementor-cta__description elementor-cta__content-item elementor-content-item\">\n\t\t\t\t\t\tEl cuerpo humano es un conjunto de numerosas c\u00e9lulas, que se est\u00e1n continuamente desarrollando, dividiendo, regenerando y muriendo. Al dividirse, las c\u00e9lulas se renuevan a s\u00ed mismas. En los adultos, alrededor de 25 millones de c\u00e9lulas se dividen cada segundo y las c\u00e9lulas de la sangre se renuevan constantemente a una velocidad de aproximadamente 100 millones por minuto.\t\t\t\t\t<\/div>\n\t\t\t\t\n\t\t\t\t\t\t\t<\/div>\n\t\t\t\t\t\t<\/div>\n\t\t\t\t\t\t<\/div>\n\t\t\t\t<div class=\"elementor-element elementor-element-47351fa7 elementor-cta--layout-image-above elementor-widget__width-initial elementor-widget-tablet__width-initial elementor-widget-mobile__width-inherit elementor-cta--skin-classic elementor-animated-content elementor-bg-transform elementor-bg-transform-zoom-in elementor-widget elementor-widget-call-to-action\" data-id=\"47351fa7\" data-element_type=\"widget\" data-e-type=\"widget\" data-widget_type=\"call-to-action.default\">\n\t\t\t\t\t\t\t<div class=\"elementor-cta\">\n\t\t\t\t\t<div class=\"elementor-cta__bg-wrapper\">\n\t\t\t\t<div class=\"elementor-cta__bg elementor-bg\" style=\"background-image: url(https:\/\/bionatural100.com\/wp-content\/uploads\/2025\/09\/foto-3.png);\" role=\"img\" aria-label=\"foto-3\"><\/div>\n\t\t\t\t<div class=\"elementor-cta__bg-overlay\"><\/div>\n\t\t\t<\/div>\n\t\t\t\t\t\t\t<div class=\"elementor-cta__content\">\n\t\t\t\t\n\t\t\t\t\t\t\t\t\t<h2 class=\"elementor-cta__title elementor-cta__content-item elementor-content-item\">\n\t\t\t\t\t\t03 Servicio SUBHEADING\t\t\t\t\t<\/h2>\n\t\t\t\t\n\t\t\t\t\t\t\t\t\t<div class=\"elementor-cta__description elementor-cta__content-item elementor-content-item\">\n\t\t\t\t\t\tLas part\u00edculas con carga del n\u00facleo y los electrones extra nucleares, unidades b\u00e1sicas de una c\u00e9lula, se mueven sin cesar a altas velocidades, emitiendo ondas electromagn\u00e9ticas ininterrumpidamente. Las se\u00f1ales de las ondas electromagn\u00e9ticas emitidas por el cuerpo humano representan el estado espec\u00edfico del cuerpo humano y por tanto, se emitir\u00e1n se\u00f1ales diferentes dependiendo de si el estado de salud es bueno, de debilidad, o si se tienen enfermedades, etc. El estado de salud podr\u00e1 ser analizado mientras que las se\u00f1ales de dichas ondas electromagn\u00e9ticas puedan ser analizadas.\t\t\t\t\t<\/div>\n\t\t\t\t\n\t\t\t\t\t\t\t<\/div>\n\t\t\t\t\t\t<\/div>\n\t\t\t\t\t\t<\/div>\n\t\t\t\t<\/div>\n\t\t\t\t<\/div>\n\t\t\t\t<\/div>\n\t\t","protected":false},"excerpt":{"rendered":"<p>Sistema analizador cu\u00e1ntico An\u00e1lisis profundo, resultados precisos. El Sistema analiza cada uno de los \u00f3rganos del cuerpo humano. Entrega m\u00e1s de 130 datos referentes a su estado de Salud, utilizando resonancia magn\u00e9tica de alta tecnolog\u00eda. 01 Servicio ANALIZADOR CU\u00c1NTICO BIO-EL\u00c9CTRICO El m\u00e9todo de an\u00e1lisis cu\u00e1ntico de resonancia magn\u00e9tica es un emergente m\u00e9todo de detecci\u00f3n, r\u00e1pido, [&hellip;]<\/p>\n","protected":false},"author":2,"featured_media":0,"parent":0,"menu_order":0,"comment_status":"closed","ping_status":"closed","template":"","meta":{"_eb_attr":"","footnotes":""},"class_list":["post-5141","page","type-page","status-publish","hentry"],"_links":{"self":[{"href":"https:\/\/bionatural100.com\/index.php?rest_route=\/wp\/v2\/pages\/5141","targetHints":{"allow":["GET"]}}],"collection":[{"href":"https:\/\/bionatural100.com\/index.php?rest_route=\/wp\/v2\/pages"}],"about":[{"href":"https:\/\/bionatural100.com\/index.php?rest_route=\/wp\/v2\/types\/page"}],"author":[{"embeddable":true,"href":"https:\/\/bionatural100.com\/index.php?rest_route=\/wp\/v2\/users\/2"}],"replies":[{"embeddable":true,"href":"https:\/\/bionatural100.com\/index.php?rest_route=%2Fwp%2Fv2%2Fcomments&post=5141"}],"version-history":[{"count":67,"href":"https:\/\/bionatural100.com\/index.php?rest_route=\/wp\/v2\/pages\/5141\/revisions"}],"predecessor-version":[{"id":6628,"href":"https:\/\/bionatural100.com\/index.php?rest_route=\/wp\/v2\/pages\/5141\/revisions\/6628"}],"wp:attachment":[{"href":"https:\/\/bionatural100.com\/index.php?rest_route=%2Fwp%2Fv2%2Fmedia&parent=5141"}],"curies":[{"name":"wp","href":"https:\/\/api.w.org\/{rel}","templated":true}]}}