{"id":7025,"date":"2025-11-04T22:13:55","date_gmt":"2025-11-04T22:13:55","guid":{"rendered":"https:\/\/bionatural100.com\/?post_type=product&#038;p=7025"},"modified":"2026-04-09T08:12:03","modified_gmt":"2026-04-09T08:12:03","slug":"pure-whey-pro","status":"publish","type":"product","link":"https:\/\/bionatural100.com\/?product=pure-whey-pro","title":{"rendered":"PURE WHEY PRO"},"content":{"rendered":"\t\t<div data-elementor-type=\"wp-post\" data-elementor-id=\"7025\" class=\"elementor elementor-7025\" data-elementor-settings=\"{&quot;ha_cmc_init_switcher&quot;:&quot;no&quot;}\" data-elementor-post-type=\"product\">\n\t\t\t\t<div class=\"elementor-element elementor-element-3f887a79 e-flex e-con-boxed e-con e-parent\" data-id=\"3f887a79\" data-element_type=\"container\" data-e-type=\"container\" data-settings=\"{&quot;_ha_eqh_enable&quot;:false}\">\n\t\t\t\t\t<div class=\"e-con-inner\">\n\t\t\t\t<div class=\"elementor-element elementor-element-a90b2a4 elementor-widget elementor-widget-heading\" data-id=\"a90b2a4\" data-element_type=\"widget\" data-e-type=\"widget\" data-widget_type=\"heading.default\">\n\t\t\t\t\t<h5 class=\"elementor-heading-title elementor-size-default\">Up Your Game! <\/h5>\t\t\t\t<\/div>\n\t\t\t\t<div class=\"elementor-element elementor-element-61d4fe4 elementor-widget elementor-widget-text-editor\" data-id=\"61d4fe4\" data-element_type=\"widget\" data-e-type=\"widget\" data-widget_type=\"text-editor.default\">\n\t\t\t\t\t\t\t\t\tOptimum Nutrition 100% Whey Gold Standard Protein features the purest and most expensive form of protein in an exclusive, delicious blend.\n<br><br>\nWell, look no further! Optimum Nutrition Gold Standard 100% Whey protein is a cult-classic in the fitness world for damn good reason.\nOptimum Nutrition Gold Standard is a world best-selling whey protein. This exclusive blend includes whey protein isolates, whey protein concentrate and 5.5 grams of naturally occurring BCAAs (branched-chain amino acids).\t\t\t\t\t\t\t\t<\/div>\n\t\t\t\t<div class=\"elementor-element elementor-element-fb837a9 elementor-widget elementor-widget-heading\" data-id=\"fb837a9\" data-element_type=\"widget\" data-e-type=\"widget\" data-widget_type=\"heading.default\">\n\t\t\t\t\t<h5 class=\"elementor-heading-title elementor-size-default\">Key benefits<\/h5>\t\t\t\t<\/div>\n\t\t\t\t<div class=\"elementor-element elementor-element-f5addcf elementor-icon-list--layout-traditional elementor-list-item-link-full_width elementor-widget elementor-widget-icon-list\" data-id=\"f5addcf\" data-element_type=\"widget\" data-e-type=\"widget\" data-widget_type=\"icon-list.default\">\n\t\t\t\t\t\t\t<ul class=\"elementor-icon-list-items\">\n\t\t\t\t\t\t\t<li class=\"elementor-icon-list-item\">\n\t\t\t\t\t\t\t\t\t\t\t<span class=\"elementor-icon-list-icon\">\n\t\t\t\t\t\t\t<svg aria-hidden=\"true\" class=\"e-font-icon-svg e-fas-circle\" viewBox=\"0 0 512 512\" xmlns=\"http:\/\/www.w3.org\/2000\/svg\"><path d=\"M256 8C119 8 8 119 8 256s111 248 248 248 248-111 248-248S393 8 256 8z\"><\/path><\/svg>\t\t\t\t\t\t<\/span>\n\t\t\t\t\t\t\t\t\t\t<span class=\"elementor-icon-list-text\"><b style=\"color:var(--accent)\">24 grams of rapidly digesting whey proteins per serving<\/b> (including whey protein isolate)<\/span>\n\t\t\t\t\t\t\t\t\t<\/li>\n\t\t\t\t\t\t\t\t<li class=\"elementor-icon-list-item\">\n\t\t\t\t\t\t\t\t\t\t\t<span class=\"elementor-icon-list-icon\">\n\t\t\t\t\t\t\t<svg aria-hidden=\"true\" class=\"e-font-icon-svg e-fas-circle\" viewBox=\"0 0 512 512\" xmlns=\"http:\/\/www.w3.org\/2000\/svg\"><path d=\"M256 8C119 8 8 119 8 256s111 248 248 248 248-111 248-248S393 8 256 8z\"><\/path><\/svg>\t\t\t\t\t\t<\/span>\n\t\t\t\t\t\t\t\t\t\t<span class=\"elementor-icon-list-text\"><b style=\"color:var(--accent)\">5.5 grams of naturally occurring BCAAs per serving for muscle recovery<\/b><\/span>\n\t\t\t\t\t\t\t\t\t<\/li>\n\t\t\t\t\t\t\t\t<li class=\"elementor-icon-list-item\">\n\t\t\t\t\t\t\t\t\t\t\t<span class=\"elementor-icon-list-icon\">\n\t\t\t\t\t\t\t<svg aria-hidden=\"true\" class=\"e-font-icon-svg e-fas-circle\" viewBox=\"0 0 512 512\" xmlns=\"http:\/\/www.w3.org\/2000\/svg\"><path d=\"M256 8C119 8 8 119 8 256s111 248 248 248 248-111 248-248S393 8 256 8z\"><\/path><\/svg>\t\t\t\t\t\t<\/span>\n\t\t\t\t\t\t\t\t\t\t<span class=\"elementor-icon-list-text\"><b style=\"color:var(--accent)\">Low-lactose levels<\/b> (great for those who are sensitive to dairy products)<\/span>\n\t\t\t\t\t\t\t\t\t<\/li>\n\t\t\t\t\t\t\t\t<li class=\"elementor-icon-list-item\">\n\t\t\t\t\t\t\t\t\t\t\t<span class=\"elementor-icon-list-icon\">\n\t\t\t\t\t\t\t<svg aria-hidden=\"true\" class=\"e-font-icon-svg e-fas-circle\" viewBox=\"0 0 512 512\" xmlns=\"http:\/\/www.w3.org\/2000\/svg\"><path d=\"M256 8C119 8 8 119 8 256s111 248 248 248 248-111 248-248S393 8 256 8z\"><\/path><\/svg>\t\t\t\t\t\t<\/span>\n\t\t\t\t\t\t\t\t\t\t<span class=\"elementor-icon-list-text\"><b style=\"color:var(--accent)\">4 grams of glutamine <\/b>(essential for recovery)<\/span>\n\t\t\t\t\t\t\t\t\t<\/li>\n\t\t\t\t\t\t\t\t<li class=\"elementor-icon-list-item\">\n\t\t\t\t\t\t\t\t\t\t\t<span class=\"elementor-icon-list-icon\">\n\t\t\t\t\t\t\t<svg aria-hidden=\"true\" class=\"e-font-icon-svg e-fas-circle\" viewBox=\"0 0 512 512\" xmlns=\"http:\/\/www.w3.org\/2000\/svg\"><path d=\"M256 8C119 8 8 119 8 256s111 248 248 248 248-111 248-248S393 8 256 8z\"><\/path><\/svg>\t\t\t\t\t\t<\/span>\n\t\t\t\t\t\t\t\t\t\t<span class=\"elementor-icon-list-text\">Macro-friendly with only 2 grams of fat, 4 grams of carbohydrates &amp;<b style=\"color:var(--accent)\"> 2 grams of sugar per serving.<\/b><\/span>\n\t\t\t\t\t\t\t\t\t<\/li>\n\t\t\t\t\t\t<\/ul>\n\t\t\t\t\t\t<\/div>\n\t\t\t\t<div class=\"elementor-element elementor-element-e767f7d elementor-widget elementor-widget-text-editor\" data-id=\"e767f7d\" data-element_type=\"widget\" data-e-type=\"widget\" data-widget_type=\"text-editor.default\">\n\t\t\t\t\t\t\t\t\tOptimum Nutrition Gold Standard 100% Whey is ideal for athletes who have  a favourite flavour and want to stock up on whey protein powder without  the hassle of making frequent orders online.\u00a0\t\t\t\t\t\t\t\t<\/div>\n\t\t\t\t\t<\/div>\n\t\t\t\t<\/div>\n\t\t\t\t<\/div>\n\t\t","protected":false},"excerpt":{"rendered":"<p><strong>Pure Whey Pro<\/strong> es un suplemento proteico de alto rendimiento con 74.9% de prote\u00edna de suero aislado, enriquecido con amino\u00e1cidos esenciales (leucina, isoleucina y valina) y bajo en carbohidratos y grasas. Endulzado con stevia y sin az\u00facares a\u00f1adidos, es ideal para deportistas y personas activas que buscan desarrollar masa muscular magra, acelerar la recuperaci\u00f3n post-entreno y optimizar sus resultados de entrenamiento de manera saludable.<\/p>\n<p class=\"whitespace-normal break-words\"><strong>PROTE\u00cdNA DE SUERO AISLADO, (ISOLATED WHEY PROTEIN) PROTE\u00cdNA DE SOYA, AMINO\u00c1CIDOS ESENCIALES (LEUCINA, ISOLEUCINA Y VALINA). BAJO CONTENIDO EN CARBOHIDRATOS Y GRASAS. 74.9% DE PROTE\u00cdNA. \u2666<\/strong><\/p>\n<p class=\"whitespace-pre-wrap break-words\"><strong>Endulzante:<\/strong> Stevia Sin az\u00facares a\u00f1adidos.<\/p>\n<p class=\"whitespace-normal break-words\"><strong>Acci\u00f3n:<\/strong> Ayudar a promover la s\u00edntesis de prote\u00ednas musculares, apoyar la recuperaci\u00f3n muscular despu\u00e9s del ejercicio, proporcionar nutrientes esenciales para el crecimiento y mantenimiento de la masa muscular magra, acelera la recuperaci\u00f3n post-entreno.<\/p>\n<p class=\"whitespace-normal break-words\"><strong>Indicado:<\/strong> Personas que buscan desarrollar masa muscular, recuperarse m\u00e1s r\u00e1pido y mantener una nutrici\u00f3n deportiva de alto nivel. Gracias a su contenido de prote\u00edna de suero aislado y amino\u00e1cidos esenciales, es ideal para deportistas, personas activas f\u00edsicamente o quienes desean complementar su alimentaci\u00f3n de manera saludable.<\/p>\n<p class=\"whitespace-normal break-words\"><strong>Precauci\u00f3n:<\/strong> Intolerancia a alg\u00fan activo.<\/p>\n<p class=\"whitespace-normal break-words\"><strong>Posolog\u00eda:<\/strong> La dosis recomendada es de 2 cucharadas dosificadoras al d\u00eda. Puede consumirse disuelta en un vaso de leche, a\u00f1adida a preparaciones de aporte proteico, mezclada en batidos o disuelta en agua. Se recomienda consumir despu\u00e9s de una comida principal o 30 minutos antes o despu\u00e9s de iniciar el ejercicio y\/o un entrenamiento.<\/p>\n<p class=\"whitespace-pre-wrap break-words\"><strong>CONTIENE ALIMENTO EN POLVO POR 2.400G<\/strong><\/p>\n","protected":false},"featured_media":7022,"comment_status":"open","ping_status":"closed","template":"","meta":{"_eb_attr":""},"product_cat":[62],"product_tag":[],"class_list":{"0":"post-7025","1":"product","2":"type-product","3":"status-publish","4":"has-post-thumbnail","6":"product_brand-precio-de-lanzamiento","7":"product_brand-gym-sports","8":"product_brand-energy-gym","9":"product_brand-healthy","10":"product_cat-hidrolizados","12":"first","13":"instock","14":"featured","15":"virtual","16":"taxable","17":"purchasable","18":"product-type-simple"},"_links":{"self":[{"href":"https:\/\/bionatural100.com\/index.php?rest_route=\/wp\/v2\/product\/7025","targetHints":{"allow":["GET"]}}],"collection":[{"href":"https:\/\/bionatural100.com\/index.php?rest_route=\/wp\/v2\/product"}],"about":[{"href":"https:\/\/bionatural100.com\/index.php?rest_route=\/wp\/v2\/types\/product"}],"replies":[{"embeddable":true,"href":"https:\/\/bionatural100.com\/index.php?rest_route=%2Fwp%2Fv2%2Fcomments&post=7025"}],"wp:featuredmedia":[{"embeddable":true,"href":"https:\/\/bionatural100.com\/index.php?rest_route=\/wp\/v2\/media\/7022"}],"wp:attachment":[{"href":"https:\/\/bionatural100.com\/index.php?rest_route=%2Fwp%2Fv2%2Fmedia&parent=7025"}],"wp:term":[{"taxonomy":"product_cat","embeddable":true,"href":"https:\/\/bionatural100.com\/index.php?rest_route=%2Fwp%2Fv2%2Fproduct_cat&post=7025"},{"taxonomy":"product_tag","embeddable":true,"href":"https:\/\/bionatural100.com\/index.php?rest_route=%2Fwp%2Fv2%2Fproduct_tag&post=7025"}],"curies":[{"name":"wp","href":"https:\/\/api.w.org\/{rel}","templated":true}]}}